{"id":8555,"date":"2020-06-29T14:30:16","date_gmt":"2020-06-29T12:30:16","guid":{"rendered":"http:\/\/brieffestival.com\/?page_id=8555"},"modified":"2020-10-31T20:45:30","modified_gmt":"2020-10-31T18:45:30","slug":"sur-brief-festival","status":"publish","type":"page","link":"http:\/\/brieffestival.com\/fr\/sur-brief-festival\/","title":{"rendered":"A PROPOS DE Brief Festival"},"content":{"rendered":"<div class=\"fusion-fullwidth fullwidth-box fusion-builder-row-1 nonhundred-percent-fullwidth non-hundred-percent-height-scrolling\" style=\"background-color: #ffffff;background-position: center center;background-repeat: no-repeat;padding-top:0px;padding-right:0px;padding-bottom:0px;padding-left:0px;margin-bottom: 0px;margin-top: 0px;border-width: 0px 0px 0px 0px;border-color:#ffffff;border-style:solid;\" ><div class=\"fusion-builder-row fusion-row\"><div class=\"fusion-layout-column fusion_builder_column fusion-builder-column-0 fusion_builder_column_1_1 1_1 fusion-one-full fusion-column-first fusion-column-last\" style=\"margin-top:0px;margin-bottom:20px;\"><div class=\"fusion-column-wrapper fusion-flex-column-wrapper-legacy\" style=\"background-position:left top;background-repeat:no-repeat;-webkit-background-size:cover;-moz-background-size:cover;-o-background-size:cover;background-size:cover;padding: 0% 0px 0px 0px;\"><style type=\"text\/css\"><\/style><div class=\"fusion-title title fusion-title-1 fusion-sep-none fusion-title-center fusion-title-text fusion-title-size-two\" style=\"margin-top:0px;margin-bottom:31px;\"><h2 class=\"title-heading-center\" style=\"margin:0;\">A PROPOS DE BRIEF FESTIVAL<br data-mce-bogus=\"1\"><\/h2><\/div><div class=\"fusion-clearfix\"><\/div><\/div><\/div><div class=\"fusion-layout-column fusion_builder_column fusion-builder-column-1 fusion_builder_column_1_6 1_6 fusion-one-sixth fusion-column-first\" style=\"width:16.666666666667%;width:calc(16.666666666667% - ( ( 4% + 4% ) * 0.16666666666667 ) );margin-right: 4%;margin-top:0px;margin-bottom:20px;\"><div class=\"fusion-column-wrapper fusion-flex-column-wrapper-legacy\" style=\"background-position:left top;background-repeat:no-repeat;-webkit-background-size:cover;-moz-background-size:cover;-o-background-size:cover;background-size:cover;padding: 0px 0px 0px 0px;\"><div class=\"fusion-clearfix\"><\/div><\/div><\/div><div class=\"fusion-layout-column fusion_builder_column fusion-builder-column-2 fusion_builder_column_2_3 2_3 fusion-two-third\" style=\"width:66.666666666667%;width:calc(66.666666666667% - ( ( 4% + 4% ) * 0.66666666666667 ) );margin-right: 4%;margin-top:0px;margin-bottom:20px;\"><div class=\"fusion-column-wrapper fusion-flex-column-wrapper-legacy\" style=\"background-position:left top;background-repeat:no-repeat;-webkit-background-size:cover;-moz-background-size:cover;-o-background-size:cover;background-size:cover;padding: 0px 0px 0px 0px;\"><div class=\"fusion-text fusion-text-1\"><p>Avec 2000 participants chaque ann\u00e9e, Brief Festival est devenu l&rsquo;un des \u00e9v\u00e9nements les plus inspirants et \u00e9ducatifs au monde pour les industries du design et de la cr\u00e9ativit\u00e9.<\/p>\n<p>Depuis sa premi\u00e8re \u00e9dition en 2014, nous avons accueilli des professionnels tels que Marina Willer (Pentagram), Tony Brook (Spin Studio), Cruz Novillo, Annie Atkins, Relajaelcoco, Violaine &amp; J\u00e9r\u00e9my, Noma Bar, Gemma O&rsquo;Brien, Six N. Five, Pleid St, Serial Cut, Owen Gildersleeve, Katie de Klee (Design Indaba), Mercedes Bellido, Shotopop, Gabor Schreier (Saffron), Malika Favre, 36 Days of Type, Studio Humana, Foreal, Hey Studio, Sven Ehmann (Gestalten), Pep Carri\u00f3, Toormix, TAVO, Tyrsa, Pablo Rubio (Erretres), Julius Wiedeman (Taschen), Wasted Rita, Plenty, Vasco Vicente (Wieden &amp; Kennedy), Ultranoir, Fjord, Fragmento Universo, Ap\u00e9ritif, From Form, Art of the Title , Huda Abifar\u00e8s (Fondation Khatt), Lotta Nieminen, Hattie Newman, Biogr\u00e1fica, Andoni Beristarain, Paloma Rinc\u00f3n, Bartholot, Le Cube, Javier Ja\u00e9n, Rebeka Arce, Leta Sobierajski et Wade Jeffree, Device, Supperstudio, Isabelita Virtual, Cabeza Patata entre autres.<\/p>\n<p>Brief Festival repr\u00e9sente l&rsquo;industrie du design et toutes ses disciplines associ\u00e9es: illustration, graphisme, direction artistique, motion graphics, architecture, animation, 3D, photographie, branding, packaging, UX, typographie, design \u00e9ditorial, design industriel. Nos invit\u00e9s sont des professionnels qui m\u00e8nent des grandes campagnes internationales et des projets personnels exp\u00e9rimentaux.<\/p>\n<p>Brief Festival a un double objectif: promouvoir l&rsquo;excellence des professionnels et futurs professionnels, et diffuser l&rsquo;importance et le r\u00f4le du design d&rsquo;un point de vue socio-\u00e9conomique et culturel.<\/p>\n<p>Brief Festival est pluridisciplinaire et comprend, donc, toutes les disciplines associ\u00e9es au design, en essayant, \u00e9galement, de favoriser les \u00e9changes avec d&rsquo;autres domaines.<\/p>\n<p>Brief Festival est ancr\u00e9 dans la r\u00e9alit\u00e9, l&rsquo;\u00e9quipe de accompagne les professionnels dans la recherche de solutions aux grands probl\u00e8mes de la soci\u00e9t\u00e9 et dans sa diffusion au reste des citoyens.<\/p>\n<\/div><div class=\"fusion-clearfix\"><\/div><\/div><\/div><div class=\"fusion-layout-column fusion_builder_column fusion-builder-column-3 fusion_builder_column_1_6 1_6 fusion-one-sixth fusion-column-last\" style=\"width:16.666666666667%;width:calc(16.666666666667% - ( ( 4% + 4% ) * 0.16666666666667 ) );margin-top:0px;margin-bottom:20px;\"><div class=\"fusion-column-wrapper fusion-flex-column-wrapper-legacy\" style=\"background-position:left top;background-repeat:no-repeat;-webkit-background-size:cover;-moz-background-size:cover;-o-background-size:cover;background-size:cover;padding: 0px 0px 0px 0px;\"><div class=\"fusion-clearfix\"><\/div><\/div><\/div><\/div><\/div>\n","protected":false},"excerpt":{"rendered":"","protected":false},"author":1,"featured_media":0,"parent":0,"menu_order":0,"comment_status":"closed","ping_status":"closed","template":"","meta":[],"_links":{"self":[{"href":"http:\/\/brieffestival.com\/fr\/wp-json\/wp\/v2\/pages\/8555\/"}],"collection":[{"href":"http:\/\/brieffestival.com\/fr\/wp-json\/wp\/v2\/pages\/"}],"about":[{"href":"http:\/\/brieffestival.com\/fr\/wp-json\/wp\/v2\/types\/page\/"}],"author":[{"embeddable":true,"href":"http:\/\/brieffestival.com\/fr\/wp-json\/wp\/v2\/users\/1\/"}],"replies":[{"embeddable":true,"href":"http:\/\/brieffestival.com\/fr\/wp-json\/wp\/v2\/comments\/?post=8555"}],"version-history":[{"count":11,"href":"http:\/\/brieffestival.com\/fr\/wp-json\/wp\/v2\/pages\/8555\/revisions\/"}],"predecessor-version":[{"id":9451,"href":"http:\/\/brieffestival.com\/fr\/wp-json\/wp\/v2\/pages\/8555\/revisions\/9451\/"}],"wp:attachment":[{"href":"http:\/\/brieffestival.com\/fr\/wp-json\/wp\/v2\/media\/?parent=8555"}],"curies":[{"name":"wp","href":"https:\/\/api.w.org\/{rel}","templated":true}]}}