{"id":7939,"date":"2019-11-28T13:08:29","date_gmt":"2019-11-28T11:08:29","guid":{"rendered":"http:\/\/brieffestival.com\/about-brief-festival\/"},"modified":"2020-10-31T20:43:57","modified_gmt":"2020-10-31T18:43:57","slug":"about-brief-festival","status":"publish","type":"page","link":"http:\/\/brieffestival.com\/en\/about-brief-festival\/","title":{"rendered":"About Brief Festival"},"content":{"rendered":"<div class=\"fusion-fullwidth fullwidth-box fusion-builder-row-1 nonhundred-percent-fullwidth non-hundred-percent-height-scrolling\" style=\"background-color: #ffffff;background-position: center center;background-repeat: no-repeat;padding-top:0px;padding-right:0px;padding-bottom:0px;padding-left:0px;margin-bottom: 0px;margin-top: 0px;border-width: 0px 0px 0px 0px;border-color:#ffffff;border-style:solid;\" ><div class=\"fusion-builder-row fusion-row\"><div class=\"fusion-layout-column fusion_builder_column fusion-builder-column-0 fusion_builder_column_1_1 1_1 fusion-one-full fusion-column-first fusion-column-last\" style=\"margin-top:0px;margin-bottom:20px;\"><div class=\"fusion-column-wrapper fusion-flex-column-wrapper-legacy\" style=\"background-position:left top;background-repeat:no-repeat;-webkit-background-size:cover;-moz-background-size:cover;-o-background-size:cover;background-size:cover;padding: 0% 0px 0px 0px;\"><style type=\"text\/css\"><\/style><div class=\"fusion-title title fusion-title-1 fusion-sep-none fusion-title-center fusion-title-text fusion-title-size-two\" style=\"margin-top:0px;margin-bottom:31px;\"><h2 class=\"title-heading-center\" style=\"margin:0;\">ABOUT BRIEF<\/h2><\/div><div class=\"fusion-clearfix\"><\/div><\/div><\/div><div class=\"fusion-layout-column fusion_builder_column fusion-builder-column-1 fusion_builder_column_1_6 1_6 fusion-one-sixth fusion-column-first\" style=\"width:16.666666666667%;width:calc(16.666666666667% - ( ( 4% + 4% ) * 0.16666666666667 ) );margin-right: 4%;margin-top:0px;margin-bottom:20px;\"><div class=\"fusion-column-wrapper fusion-flex-column-wrapper-legacy\" style=\"background-position:left top;background-repeat:no-repeat;-webkit-background-size:cover;-moz-background-size:cover;-o-background-size:cover;background-size:cover;padding: 0px 0px 0px 0px;\"><div class=\"fusion-clearfix\"><\/div><\/div><\/div><div class=\"fusion-layout-column fusion_builder_column fusion-builder-column-2 fusion_builder_column_2_3 2_3 fusion-two-third\" style=\"width:66.666666666667%;width:calc(66.666666666667% - ( ( 4% + 4% ) * 0.66666666666667 ) );margin-right: 4%;margin-top:0px;margin-bottom:20px;\"><div class=\"fusion-column-wrapper fusion-flex-column-wrapper-legacy\" style=\"background-position:left top;background-repeat:no-repeat;-webkit-background-size:cover;-moz-background-size:cover;-o-background-size:cover;background-size:cover;padding: 0px 0px 0px 0px;\"><div class=\"fusion-text fusion-text-1\"><p><strong>More than 2000 people<\/strong> come together in the fall for one of the <strong>most inspiring events<\/strong> for design and creativity &#8211; Brief Festival.<\/p>\n<p>From its first edition in 2014 we&#8217;ve had top professionals from the field such as Marina Willer (Pentagram), Tony Brook (Spin Studio), Cruz Novillo, Annie Atkins, Relajaelcoco, Violaine &amp; J\u00e9r\u00e9my, Noma Bar, Gemma O\u2019Brien, Six N. Five, Pleid St, Serial Cut, Owen Gildersleeve, Katie de Klee (Design Indaba), Mercedes Bellido, Shotopop, Gabor Schreier (Saffron), Malika Favre, 36 Days of Type, Studio Humana, Foreal, Hey Studio, Sven Ehmann (Gestalten), Pep Carri\u00f3, Toormix, TAVO, Tyrsa, Pablo Rubio (Erretres), Julius Wiedeman (Taschen), Wasted Rita, Plenty, Vasco Vicente (Wieden &amp; Kennedy), Ultranoir, Fjord, Fragmento Universo, Ap\u00e9ritif, From Form, Art of the Title, Huda Abifar\u00e8s (Khatt Foundation), Lotta Nieminen, Hattie Newman, Biogr\u00e1fica, Andoni Beristarain, Paloma Rinc\u00f3n, Bartholot, Le Cube, Javier Ja\u00e9n, Rebeka Arce, Leta Sobierajski y Wade Jeffree, Device, Supperstudio, Isabelita Virtual, Cabeza Patata and so many more.<\/p>\n<p>Brief Festival <strong>represents the industry at its core<\/strong>: illustration, art direction, motion graphics, graphic design, architecture, animation, packaging, UX, typography, editorial design, industrial design. All of our guests are disruptors and key influencers in the field that work both on large global campaigns and as well as inspiring personal projects.<\/p>\n<p>Brief Festival works on <strong>promoting the excellence of the professionals and upcoming designers<\/strong> of the field as well as spreading the importance of design from both a socioeconomic and cultural point of view.<\/p>\n<p>Brief Festival is <strong>multidisciplinary.<\/strong> It combines all the disciplines associated with the design and it is constantly is pushing for more exchanges from other fields. Brief Festival is actually grounded on the current reality. From the organisation we join professionals that are on the look out to solve today&#8217;s largest issues in society and consequently the expansion of these ideas to the rest of the world.<\/p>\n<\/div><div class=\"fusion-clearfix\"><\/div><\/div><\/div><div class=\"fusion-layout-column fusion_builder_column fusion-builder-column-3 fusion_builder_column_1_6 1_6 fusion-one-sixth fusion-column-last\" style=\"width:16.666666666667%;width:calc(16.666666666667% - ( ( 4% + 4% ) * 0.16666666666667 ) );margin-top:0px;margin-bottom:20px;\"><div class=\"fusion-column-wrapper fusion-flex-column-wrapper-legacy\" style=\"background-position:left top;background-repeat:no-repeat;-webkit-background-size:cover;-moz-background-size:cover;-o-background-size:cover;background-size:cover;padding: 0px 0px 0px 0px;\"><div class=\"fusion-clearfix\"><\/div><\/div><\/div><\/div><\/div>\n","protected":false},"excerpt":{"rendered":"","protected":false},"author":1,"featured_media":0,"parent":0,"menu_order":0,"comment_status":"closed","ping_status":"closed","template":"","meta":[],"_links":{"self":[{"href":"http:\/\/brieffestival.com\/en\/wp-json\/wp\/v2\/pages\/7939\/"}],"collection":[{"href":"http:\/\/brieffestival.com\/en\/wp-json\/wp\/v2\/pages\/"}],"about":[{"href":"http:\/\/brieffestival.com\/en\/wp-json\/wp\/v2\/types\/page\/"}],"author":[{"embeddable":true,"href":"http:\/\/brieffestival.com\/en\/wp-json\/wp\/v2\/users\/1\/"}],"replies":[{"embeddable":true,"href":"http:\/\/brieffestival.com\/en\/wp-json\/wp\/v2\/comments\/?post=7939"}],"version-history":[{"count":12,"href":"http:\/\/brieffestival.com\/en\/wp-json\/wp\/v2\/pages\/7939\/revisions\/"}],"predecessor-version":[{"id":9447,"href":"http:\/\/brieffestival.com\/en\/wp-json\/wp\/v2\/pages\/7939\/revisions\/9447\/"}],"wp:attachment":[{"href":"http:\/\/brieffestival.com\/en\/wp-json\/wp\/v2\/media\/?parent=7939"}],"curies":[{"name":"wp","href":"https:\/\/api.w.org\/{rel}","templated":true}]}}